{"id":1169,"date":"2015-05-01T15:42:37","date_gmt":"2015-05-01T15:42:37","guid":{"rendered":"http:\/\/www.bristol-channel.org\/skomer\/?page_id=1169"},"modified":"2020-10-28T11:24:23","modified_gmt":"2020-10-28T11:24:23","slug":"digitalvideo-works","status":"publish","type":"page","link":"https:\/\/www.nachleben.org.uk\/skomer\/?page_id=1169","title":{"rendered":"Films and video tests"},"content":{"rendered":"\n<p>These are really experiments in loading video clips on this blog.<\/p>\n\n\n\n<p>To try and test the differences between youtube, vimeo and my own server space itself in terms of how the videos look and play.<\/p>\n\n\n\n<p>youtube embedded tests<\/p>\n\n\n\n<h2 class=\"wp-block-heading\">YOUTUBE<\/h2>\n\n\n\n<p><strong>Test clip of video, aiming at scanning FULL HEIGHT super 16mm gate which means loosing the whole of the soundtrack area (not needed for visual scans anyway) and using camera framing as top\/bottom guidelines.<\/strong><\/p>\n\n\n\n<p><em>The film is a 1970&#8217;s educational film called Art of The Bowman, which I plan to do a kind of &#8216;artistic restoration&#8217; on. <\/em><\/p>\n\n\n\n<figure class=\"wp-block-embed-youtube wp-block-embed is-type-video is-provider-youtube wp-embed-aspect-16-9 wp-has-aspect-ratio\"><div class=\"wp-block-embed__wrapper\">\n<iframe loading=\"lazy\" title=\"Art Of the Bowman test\" width=\"630\" height=\"354\" src=\"https:\/\/www.youtube.com\/embed\/LO_V5OW5PRM?feature=oembed\" frameborder=\"0\" allow=\"accelerometer; autoplay; clipboard-write; encrypted-media; gyroscope; picture-in-picture; web-share\" referrerpolicy=\"strict-origin-when-cross-origin\" allowfullscreen><\/iframe>\n<\/div><\/figure>\n\n\n\n<p><strong>Quick scans of an interesting 35mm  Lab Leader. Its short so recommend looping.<\/strong><\/p>\n\n\n\n<figure class=\"wp-block-embed-youtube wp-block-embed is-type-video is-provider-youtube wp-embed-aspect-16-9 wp-has-aspect-ratio\"><div class=\"wp-block-embed__wrapper\">\n<iframe loading=\"lazy\" title=\"nachleben CAT001\" width=\"630\" height=\"354\" src=\"https:\/\/www.youtube.com\/embed\/x5rHi_ZfgmI?feature=oembed\" frameborder=\"0\" allow=\"accelerometer; autoplay; clipboard-write; encrypted-media; gyroscope; picture-in-picture; web-share\" referrerpolicy=\"strict-origin-when-cross-origin\" allowfullscreen><\/iframe>\n<\/div><\/figure>\n\n\n\n<p><\/p>\n\n\n\n<p><strong>Quick scan of nice 35mm &#8216;Loop&#8217; that was in the Arnolfini, Bristol, UK projection room<\/strong>. <strong>This is even shorter so definately loop.<\/strong><\/p>\n\n\n\n<figure class=\"wp-block-embed-youtube wp-block-embed is-type-video is-provider-youtube wp-embed-aspect-4-3 wp-has-aspect-ratio\"><div class=\"wp-block-embed__wrapper\">\nhttps:\/\/www.youtube.com\/watch?v=RN0GoTvtlos\n<\/div><\/figure>\n\n\n\n<p><\/p>\n\n\n\n<p><strong>A scan series involving manual printer switching (direction) and format swaps. ie this whole clip is assembled from scanned stills without editing.<\/strong><\/p>\n\n\n\n<figure class=\"wp-block-embed-youtube wp-block-embed is-type-video is-provider-youtube wp-embed-aspect-4-3 wp-has-aspect-ratio\"><div class=\"wp-block-embed__wrapper\">\n<iframe loading=\"lazy\" title=\"leader WORM0124fps\" width=\"630\" height=\"473\" src=\"https:\/\/www.youtube.com\/embed\/vEkFDiPWUYk?feature=oembed\" frameborder=\"0\" allow=\"accelerometer; autoplay; clipboard-write; encrypted-media; gyroscope; picture-in-picture; web-share\" referrerpolicy=\"strict-origin-when-cross-origin\" allowfullscreen><\/iframe>\n<\/div><\/figure>\n\n\n\n<p><strong>Both these clips below, on both youtube and vimeo are displaying in the wrong Aspect Ratio at the moment. Should be 4:3. Orignial clips are 720X576 with DAR of 4:3 and PAR of 1.094. However, after rendering from Vegas, they insist on having a DAR of 5:4??? Ive only got so much (&#8230;.) patience for video&#8230;&#8230;..<\/strong><\/p>\n\n\n\n<p><em>The film however was  my entry for the East Anglia Film Archive Mashup Competition. It did not win anything but Im really pleased with it nevertheless. The test for correct DAR is about half way were you see some coins. They mean to be ROUND. Any tips, help, advice is welcome about how to sort this problem. If you view the file in VLC in 4:3 then it looks correct.<\/em><\/p>\n\n\n\n<figure class=\"wp-block-embed-youtube wp-block-embed is-type-video is-provider-youtube wp-embed-aspect-5-4 wp-has-aspect-ratio wp-embed-aspect-4-3\"><div class=\"wp-block-embed__wrapper\">\n<iframe loading=\"lazy\" title=\"Vaf\u00fer\u00fa\u00f0nism\u00e1l\" width=\"630\" height=\"473\" src=\"https:\/\/www.youtube.com\/embed\/-YQ1c6p_wHk?feature=oembed\" frameborder=\"0\" allow=\"accelerometer; autoplay; clipboard-write; encrypted-media; gyroscope; picture-in-picture; web-share\" referrerpolicy=\"strict-origin-when-cross-origin\" allowfullscreen><\/iframe>\n<\/div><\/figure>\n\n\n\n<p><\/p>\n\n\n\n<p><em>Just trying to se which lenses produce the nicest &#8216;cloud ball&#8217; bokeh for some planned films and the effects I want to achieve. This clip is looking through the viewfinder of the Mitchell 35R with a Nikkor 55mm macro lens.<\/em><\/p>\n\n\n\n<figure class=\"wp-block-embed-youtube wp-block-embed is-type-video is-provider-youtube wp-embed-aspect-16-9 wp-has-aspect-ratio\"><div class=\"wp-block-embed__wrapper\">\n<iframe loading=\"lazy\" title=\"lens bokeh test\" width=\"630\" height=\"354\" src=\"https:\/\/www.youtube.com\/embed\/ZhVPSTqJpcY?feature=oembed\" frameborder=\"0\" allow=\"accelerometer; autoplay; clipboard-write; encrypted-media; gyroscope; picture-in-picture; web-share\" referrerpolicy=\"strict-origin-when-cross-origin\" allowfullscreen><\/iframe>\n<\/div><\/figure>\n\n\n\n<p><\/p>\n\n\n\n<p><\/p>\n\n\n\n<p><\/p>\n\n\n\n<p><\/p>\n\n\n\n<h2 class=\"wp-block-heading\"><strong>VIMEO<\/strong><\/h2>\n\n\n\n<p><strong>Vimeo. I like\/prefer vimeo and need to get some funding to cover the cost of a professional account. Same bloody AR issues though as above<\/strong>.<\/p>\n\n\n\n<figure class=\"wp-block-embed-vimeo wp-block-embed is-type-video is-provider-vimeo wp-embed-aspect-4-3 wp-has-aspect-ratio-4-3 wp-embed-aspect-1-1 wp-has-aspect-ratio\"><div class=\"wp-block-embed__wrapper\">\n<iframe loading=\"lazy\" title=\"Vaf\u00fer\u00fa\u00f0nism\u00e1l\" src=\"https:\/\/player.vimeo.com\/video\/471111719?dnt=1&amp;app_id=122963\" width=\"630\" height=\"504\" frameborder=\"0\" allow=\"autoplay; fullscreen; picture-in-picture; clipboard-write\"><\/iframe>\n<\/div><\/figure>\n\n\n\n<p><strong>Really old &#8216;Vi&#8217; video made for Ashton Court Blackout stage.<\/strong><\/p>\n\n\n\n<figure class=\"wp-block-embed-vimeo wp-block-embed is-type-video is-provider-vimeo wp-embed-aspect-4-3 wp-has-aspect-ratio\"><div class=\"wp-block-embed__wrapper\">\n<iframe loading=\"lazy\" title=\"LIGHTS-MIX-small\" src=\"https:\/\/player.vimeo.com\/video\/471121403?dnt=1&amp;app_id=122963\" width=\"630\" height=\"473\" frameborder=\"0\" allow=\"autoplay; fullscreen; picture-in-picture; clipboard-write\"><\/iframe>\n<\/div><\/figure>\n\n\n\n<p><\/p>\n\n\n\n<p>Test clip looking through the Mitchell viewfinder, trying to see how bokeh can become something like a coud of uncertainty&#8230;..<\/p>\n\n\n\n<figure class=\"wp-block-embed-vimeo wp-block-embed is-type-video is-provider-vimeo wp-embed-aspect-16-9 wp-has-aspect-ratio\"><div class=\"wp-block-embed__wrapper\">\nhttps:\/\/vimeo.com\/471672299\n<\/div><\/figure>\n\n\n\n<p><\/p>\n\n\n\n<p><\/p>\n\n\n\n<p><\/p>\n\n\n\n<p><\/p>\n\n\n\n<h2 class=\"wp-block-heading\">SERVER<\/h2>\n\n\n\n<p><strong>Server based media content. ie these are hosted on same server as this blog\/website.<\/strong><\/p>\n\n\n\n<figure class=\"wp-block-video wp-embed-aspect-5-4\"><video height=\"576\" style=\"aspect-ratio: 720 \/ 576;\" width=\"720\" controls src=\"https:\/\/www.nachleben.org.uk\/skomer\/wp-content\/uploads\/2020\/10\/graemehogg-EAFA-master.mp4\"><\/video><\/figure>\n\n\n\n<p><strong>Test Clip of Light Install for open studios at BV 2016<\/strong><\/p>\n\n\n\n<figure class=\"wp-block-video\"><video controls poster=\"https:\/\/www.nachleben.org.uk\/skomer\/wp-content\/uploads\/2016\/05\/astrolabVER1_x264-mp4-image.png\" src=\"https:\/\/www.nachleben.org.uk\/skomer\/wp-content\/uploads\/2015\/05\/astrolabVER1_x264.mp4\"><\/video><\/figure>\n\n\n\n<p><strong>Clip of light effects from MV\/EE tour mentioned somewhere else in this blog.<\/strong><\/p>\n\n\n\n<figure class=\"wp-block-video\"><video controls src=\"https:\/\/www.nachleben.org.uk\/skomer\/wp-content\/uploads\/2016\/05\/MV-EE-LIGHTS1.mp4\"><\/video><\/figure>\n\n\n\n<p><strong>TEST of an ogv clip. optical soundtrack experiments<\/strong>.<\/p>\n\n\n\n<figure class=\"wp-block-video\"><video controls src=\"https:\/\/www.nachleben.org.uk\/skomer\/wp-content\/uploads\/2015\/05\/ROTOSYN.ogv\"><\/video><\/figure>\n\n\n\n<p><strong>Another test, a Vi track made for Blackout stage, Ashton Court Festival. Listen with headphones, loud, late at night when you are in bed<\/strong>.<\/p>\n\n\n\n<figure class=\"wp-block-video\"><video controls src=\"https:\/\/www.nachleben.org.uk\/skomer\/wp-content\/uploads\/2015\/05\/LIGHTS-MIX-small_300k.ogv\"><\/video><\/figure>\n\n\n\n<p><strong>More light show effects. All live, analog, real time, human made<\/strong>.<\/p>\n\n\n\n<figure class=\"wp-block-video\"><video controls src=\"https:\/\/www.nachleben.org.uk\/skomer\/man-uploads\/RESOURCES\/VIDEO-FILES\/MV-EE-LIGHT2-Teadevil.mp4\"><\/video><\/figure>\n","protected":false},"excerpt":{"rendered":"<p>These are really experiments in loading video clips on this blog. To try and test the differences between youtube, vimeo and my own server space itself in terms of how the videos look and play. youtube embedded tests YOUTUBE Test clip of video, aiming at scanning FULL HEIGHT super 16mm gate which means loosing the whole of the soundtrack area &hellip;<\/p>\n","protected":false},"author":1,"featured_media":0,"parent":0,"menu_order":4,"comment_status":"closed","ping_status":"closed","template":"","meta":{"footnotes":""},"categories":[20,4],"tags":[],"class_list":["post-1169","page","type-page","status-publish","hentry","category-digitalvideo-files","category-vi","archive-loop-container"],"_links":{"self":[{"href":"https:\/\/www.nachleben.org.uk\/skomer\/index.php?rest_route=\/wp\/v2\/pages\/1169","targetHints":{"allow":["GET"]}}],"collection":[{"href":"https:\/\/www.nachleben.org.uk\/skomer\/index.php?rest_route=\/wp\/v2\/pages"}],"about":[{"href":"https:\/\/www.nachleben.org.uk\/skomer\/index.php?rest_route=\/wp\/v2\/types\/page"}],"author":[{"embeddable":true,"href":"https:\/\/www.nachleben.org.uk\/skomer\/index.php?rest_route=\/wp\/v2\/users\/1"}],"replies":[{"embeddable":true,"href":"https:\/\/www.nachleben.org.uk\/skomer\/index.php?rest_route=%2Fwp%2Fv2%2Fcomments&post=1169"}],"version-history":[{"count":75,"href":"https:\/\/www.nachleben.org.uk\/skomer\/index.php?rest_route=\/wp\/v2\/pages\/1169\/revisions"}],"predecessor-version":[{"id":2996,"href":"https:\/\/www.nachleben.org.uk\/skomer\/index.php?rest_route=\/wp\/v2\/pages\/1169\/revisions\/2996"}],"wp:attachment":[{"href":"https:\/\/www.nachleben.org.uk\/skomer\/index.php?rest_route=%2Fwp%2Fv2%2Fmedia&parent=1169"}],"wp:term":[{"taxonomy":"category","embeddable":true,"href":"https:\/\/www.nachleben.org.uk\/skomer\/index.php?rest_route=%2Fwp%2Fv2%2Fcategories&post=1169"},{"taxonomy":"post_tag","embeddable":true,"href":"https:\/\/www.nachleben.org.uk\/skomer\/index.php?rest_route=%2Fwp%2Fv2%2Ftags&post=1169"}],"curies":[{"name":"wp","href":"https:\/\/api.w.org\/{rel}","templated":true}]}}